{"id":104,"date":"2022-03-01T14:10:44","date_gmt":"2022-03-01T14:10:44","guid":{"rendered":"https:\/\/strucx.nl\/?page_id=104"},"modified":"2023-11-30T09:21:25","modified_gmt":"2023-11-30T09:21:25","slug":"contact","status":"publish","type":"page","link":"https:\/\/eventsafe.eu\/fr\/contact\/","title":{"rendered":"CONTACT"},"content":{"rendered":"\n[et_pb_section fb_built=&#8221;1&#8243; next_background_color=&#8221;#ffffff&#8221; _builder_version=&#8221;4.23.1&#8243; _module_preset=&#8221;default&#8221; background_image=&#8221;https:\/\/eventsafe.eu\/wp-content\/uploads\/2023\/11\/ES_Header.jpg&#8221; min_height=&#8221;400px&#8221; custom_padding=&#8221;54px|||||&#8221; bottom_divider_style=&#8221;arrow2&#8243; global_colors_info=&#8221;{}&#8221;][\/et_pb_section][et_pb_section fb_built=&#8221;1&#8243; admin_label=&#8221;Featured Products&#8221; _builder_version=&#8221;4.16&#8243; custom_padding=&#8221;2px|0px|84px|0px||&#8221; global_colors_info=&#8221;{}&#8221;][et_pb_row _builder_version=&#8221;4.16&#8243; background_size=&#8221;initial&#8221; background_position=&#8221;top_left&#8221; background_repeat=&#8221;repeat&#8221; global_colors_info=&#8221;{}&#8221;][et_pb_column type=&#8221;4_4&#8243; _builder_version=&#8221;4.16&#8243; custom_padding=&#8221;|||&#8221; global_colors_info=&#8221;{}&#8221; custom_padding__hover=&#8221;|||&#8221;][et_pb_text _builder_version=&#8221;4.16&#8243; text_font=&#8221;||||||||&#8221; header_font=&#8221;||||||||&#8221; header_2_font=&#8221;Work Sans|700|||||||&#8221; header_2_text_align=&#8221;center&#8221; header_2_text_color=&#8221;#2b2b2b&#8221; header_2_font_size=&#8221;42px&#8221; header_2_line_height=&#8221;1.5em&#8221; background_size=&#8221;initial&#8221; background_position=&#8221;top_left&#8221; background_repeat=&#8221;repeat&#8221; text_orientation=&#8221;center&#8221; module_alignment=&#8221;center&#8221; custom_margin=&#8221;23px||10px|||&#8221; locked=&#8221;off&#8221; global_colors_info=&#8221;{}&#8221;]<h2>Neem contact met ons op<\/h2>[\/et_pb_text][et_pb_divider color=&#8221;gcid-4a1618e5-1d70-4506-bd08-e5b955d615d8&#8243; divider_weight=&#8221;3px&#8221; disabled_on=&#8221;on|on|off&#8221; _builder_version=&#8221;4.23.1&#8243; max_width=&#8221;80px&#8221; module_alignment=&#8221;center&#8221; height=&#8221;10px&#8221; custom_margin=&#8221;||20px|&#8221; animation_style=&#8221;slide&#8221; animation_direction=&#8221;bottom&#8221; saved_tabs=&#8221;all&#8221; locked=&#8221;off&#8221; global_colors_info=&#8221;{%22gcid-4a1618e5-1d70-4506-bd08-e5b955d615d8%22:%91%22color%22%93}&#8221;][\/et_pb_divider][et_pb_text admin_label=&#8221;TEKST&#8221; _builder_version=&#8221;4.23.1&#8243; _module_preset=&#8221;default&#8221; text_font=&#8221;Work Sans||||||||&#8221; text_text_color=&#8221;#292929&#8243; text_font_size=&#8221;13px&#8221; text_letter_spacing=&#8221;1px&#8221; text_orientation=&#8221;center&#8221; global_colors_info=&#8221;{}&#8221;]<p>Eventsafe is een sterk concept binnen de Nederlandse evenementenbranche op het gebied van lockers huren. Het vervangt de garderobesystemen door middel van lockers. Uw bezoekers huren de lockers welke gedurende het hele evenement gebruikt kunnen worden. Het is dus een een flexibele en veilige manier van opbergen. De bezoekers kunnen zorgeloos van uw evenement genieten!<\/p>\n<p><span>Service en veiligheid staan bij ons altijd op de eerste plaats. De gehele verzorging van de garderobe wordt door ons geregeld inclusief de op- en afbouw van de lockers. Zo heeft u een hele zorg minder en kunt u zich richten op andere zaken.<\/span><\/p>\n<p>Wij maken voor ieder evenement een passende en scherpe offerte, dus mocht u vragen hebben of vrijblijvend een offerte op willen vragen, neem dan gerust contact met ons op!<\/p>[\/et_pb_text][et_pb_button button_url=&#8221;mailto:info@eventsafe.eu&#8221; button_text=&#8221;NEEM CONTACT OP&#8221; button_alignment=&#8221;center&#8221; _builder_version=&#8221;4.23.1&#8243; custom_button=&#8221;on&#8221; button_text_size=&#8221;14px&#8221; button_text_color=&#8221;#ffffff&#8221; button_bg_color=&#8221;gcid-4a1618e5-1d70-4506-bd08-e5b955d615d8&#8243; button_border_width=&#8221;8px&#8221; button_border_color=&#8221;gcid-4a1618e5-1d70-4506-bd08-e5b955d615d8&#8243; button_border_radius=&#8221;0px&#8221; button_letter_spacing=&#8221;2px&#8221; button_font=&#8221;Poppins|600||on|||||&#8221; button_use_icon=&#8221;off&#8221; custom_margin=&#8221;24px|||||&#8221; animation_style=&#8221;fade&#8221; global_colors_info=&#8221;{%22gcid-4a1618e5-1d70-4506-bd08-e5b955d615d8%22:%91%22button_border_color%22,%22button_bg_color%22,%22button_border_color__hover%22%93}&#8221; button_text_size__hover_enabled=&#8221;off&#8221; button_one_text_size__hover_enabled=&#8221;off&#8221; button_two_text_size__hover_enabled=&#8221;off&#8221; button_text_color__hover_enabled=&#8221;off&#8221; button_one_text_color__hover_enabled=&#8221;off&#8221; button_two_text_color__hover_enabled=&#8221;off&#8221; button_border_width__hover_enabled=&#8221;off&#8221; button_one_border_width__hover_enabled=&#8221;off&#8221; button_two_border_width__hover_enabled=&#8221;off&#8221; button_border_color__hover_enabled=&#8221;on|hover&#8221; button_one_border_color__hover_enabled=&#8221;off&#8221; button_two_border_color__hover_enabled=&#8221;off&#8221; button_border_radius__hover_enabled=&#8221;off&#8221; button_one_border_radius__hover_enabled=&#8221;off&#8221; button_two_border_radius__hover_enabled=&#8221;off&#8221; button_letter_spacing__hover_enabled=&#8221;off&#8221; button_one_letter_spacing__hover_enabled=&#8221;off&#8221; button_two_letter_spacing__hover_enabled=&#8221;off&#8221; button_bg_color__hover_enabled=&#8221;off|desktop&#8221; button_one_bg_color__hover_enabled=&#8221;off&#8221; button_two_bg_color__hover_enabled=&#8221;off&#8221; button_bg_color__hover=&#8221;#dd6649&#8243; button_bg_enable_color__hover=&#8221;on&#8221; button_border_color__hover=&#8221;#78163d&#8221;][\/et_pb_button][\/et_pb_column][\/et_pb_row][\/et_pb_section]\n","protected":false},"excerpt":{"rendered":"<p>Neem contact met ons opEventsafe is een sterk concept binnen de Nederlandse evenementenbranche op het gebied van lockers huren. Het vervangt de garderobesystemen door middel van lockers. Uw bezoekers huren de lockers welke gedurende het hele evenement gebruikt kunnen worden. Het is dus een een flexibele en veilige manier van opbergen. De bezoekers kunnen zorgeloos [&hellip;]<\/p>\n","protected":false},"author":3,"featured_media":0,"parent":0,"menu_order":0,"comment_status":"closed","ping_status":"closed","template":"","meta":{"_et_pb_use_builder":"on","_et_pb_old_content":"","_et_gb_content_width":"","footnotes":""},"class_list":["post-104","page","type-page","status-publish","hentry"],"yoast_head":"<!-- This site is optimized with the Yoast SEO plugin v27.4 - https:\/\/yoast.com\/product\/yoast-seo-wordpress\/ -->\n<title>Contact<\/title>\n<meta name=\"description\" content=\"Wij maken voor ieder evenement een passende en scherpe offerte, neem dan gerust contact met ons op!\" \/>\n<meta name=\"robots\" content=\"index, follow, max-snippet:-1, max-image-preview:large, max-video-preview:-1\" \/>\n<link rel=\"canonical\" href=\"https:\/\/strucx.nl\/contact\/\" \/>\n<meta property=\"og:locale\" content=\"fr_FR\" \/>\n<meta property=\"og:type\" content=\"article\" \/>\n<meta property=\"og:title\" content=\"Contact\" \/>\n<meta property=\"og:description\" content=\"Wij maken voor ieder evenement een passende en scherpe offerte, neem dan gerust contact met ons op!\" \/>\n<meta property=\"og:url\" content=\"https:\/\/strucx.nl\/contact\/\" \/>\n<meta property=\"og:site_name\" content=\"Eventsafe\" \/>\n<meta property=\"article:modified_time\" content=\"2023-11-30T09:21:25+00:00\" \/>\n<meta property=\"og:image\" content=\"https:\/\/eventsafe.eu\/wp-content\/uploads\/2023\/11\/ES_Header.jpg\" \/>\n\t<meta property=\"og:image:width\" content=\"1920\" \/>\n\t<meta property=\"og:image:height\" content=\"900\" \/>\n\t<meta property=\"og:image:type\" content=\"image\/jpeg\" \/>\n<meta name=\"twitter:card\" content=\"summary_large_image\" \/>\n<meta name=\"twitter:label1\" content=\"Dur\u00e9e de lecture estim\u00e9e\" \/>\n\t<meta name=\"twitter:data1\" content=\"2 minutes\" \/>\n<script type=\"application\/ld+json\" class=\"yoast-schema-graph\">{\"@context\":\"https:\\\/\\\/schema.org\",\"@graph\":[{\"@type\":\"WebPage\",\"@id\":\"https:\\\/\\\/eventsafe.eu\\\/contact\\\/\",\"url\":\"https:\\\/\\\/strucx.nl\\\/contact\\\/\",\"name\":\"Contact\",\"isPartOf\":{\"@id\":\"https:\\\/\\\/eventsafe.eu\\\/#website\"},\"datePublished\":\"2022-03-01T14:10:44+00:00\",\"dateModified\":\"2023-11-30T09:21:25+00:00\",\"description\":\"Wij maken voor ieder evenement een passende en scherpe offerte, neem dan gerust contact met ons op!\",\"breadcrumb\":{\"@id\":\"https:\\\/\\\/strucx.nl\\\/contact\\\/#breadcrumb\"},\"inLanguage\":\"fr-FR\",\"potentialAction\":[{\"@type\":\"ReadAction\",\"target\":[\"https:\\\/\\\/strucx.nl\\\/contact\\\/\"]}]},{\"@type\":\"BreadcrumbList\",\"@id\":\"https:\\\/\\\/strucx.nl\\\/contact\\\/#breadcrumb\",\"itemListElement\":[{\"@type\":\"ListItem\",\"position\":1,\"name\":\"Home\",\"item\":\"https:\\\/\\\/eventsafe.eu\\\/\"},{\"@type\":\"ListItem\",\"position\":2,\"name\":\"Contact\"}]},{\"@type\":\"WebSite\",\"@id\":\"https:\\\/\\\/eventsafe.eu\\\/#website\",\"url\":\"https:\\\/\\\/eventsafe.eu\\\/\",\"name\":\"Eventsafe | Lockers\",\"description\":\"Je spullen in veilige handen\",\"publisher\":{\"@id\":\"https:\\\/\\\/eventsafe.eu\\\/#organization\"},\"alternateName\":\"Eventsafe\",\"potentialAction\":[{\"@type\":\"SearchAction\",\"target\":{\"@type\":\"EntryPoint\",\"urlTemplate\":\"https:\\\/\\\/eventsafe.eu\\\/?s={search_term_string}\"},\"query-input\":{\"@type\":\"PropertyValueSpecification\",\"valueRequired\":true,\"valueName\":\"search_term_string\"}}],\"inLanguage\":\"fr-FR\"},{\"@type\":\"Organization\",\"@id\":\"https:\\\/\\\/eventsafe.eu\\\/#organization\",\"name\":\"Eventsafe\",\"url\":\"https:\\\/\\\/eventsafe.eu\\\/\",\"logo\":{\"@type\":\"ImageObject\",\"inLanguage\":\"fr-FR\",\"@id\":\"https:\\\/\\\/eventsafe.eu\\\/#\\\/schema\\\/logo\\\/image\\\/\",\"url\":\"https:\\\/\\\/eventsafe.eu\\\/wp-content\\\/uploads\\\/2022\\\/02\\\/STRUCX_Kleurzwart.png\",\"contentUrl\":\"https:\\\/\\\/eventsafe.eu\\\/wp-content\\\/uploads\\\/2022\\\/02\\\/STRUCX_Kleurzwart.png\",\"width\":11508,\"height\":2885,\"caption\":\"Eventsafe\"},\"image\":{\"@id\":\"https:\\\/\\\/eventsafe.eu\\\/#\\\/schema\\\/logo\\\/image\\\/\"},\"sameAs\":[\"https:\\\/\\\/www.instagram.com\\\/strucx.eventobjects\\\/\"]}]}<\/script>\n<!-- \/ Yoast SEO plugin. -->","yoast_head_json":{"title":"Contact","description":"Nous proposons une offre adapt\u00e9e et comp\u00e9titive pour chaque \u00e9v\u00e9nement, n'h\u00e9sitez pas \u00e0 nous contacter !","robots":{"index":"index","follow":"follow","max-snippet":"max-snippet:-1","max-image-preview":"max-image-preview:large","max-video-preview":"max-video-preview:-1"},"canonical":"https:\/\/strucx.nl\/contact\/","og_locale":"fr_FR","og_type":"article","og_title":"Contact","og_description":"Wij maken voor ieder evenement een passende en scherpe offerte, neem dan gerust contact met ons op!","og_url":"https:\/\/strucx.nl\/contact\/","og_site_name":"Eventsafe","article_modified_time":"2023-11-30T09:21:25+00:00","og_image":[{"width":1920,"height":900,"url":"https:\/\/eventsafe.eu\/wp-content\/uploads\/2023\/11\/ES_Header.jpg","type":"image\/jpeg"}],"twitter_card":"summary_large_image","twitter_misc":{"Dur\u00e9e de lecture estim\u00e9e":"2 minutes"},"schema":{"@context":"https:\/\/schema.org","@graph":[{"@type":"WebPage","@id":"https:\/\/eventsafe.eu\/contact\/","url":"https:\/\/strucx.nl\/contact\/","name":"Contact","isPartOf":{"@id":"https:\/\/eventsafe.eu\/#website"},"datePublished":"2022-03-01T14:10:44+00:00","dateModified":"2023-11-30T09:21:25+00:00","description":"Nous proposons une offre adapt\u00e9e et comp\u00e9titive pour chaque \u00e9v\u00e9nement, n'h\u00e9sitez pas \u00e0 nous contacter !","breadcrumb":{"@id":"https:\/\/strucx.nl\/contact\/#breadcrumb"},"inLanguage":"fr-FR","potentialAction":[{"@type":"ReadAction","target":["https:\/\/strucx.nl\/contact\/"]}]},{"@type":"BreadcrumbList","@id":"https:\/\/strucx.nl\/contact\/#breadcrumb","itemListElement":[{"@type":"ListItem","position":1,"name":"Home","item":"https:\/\/eventsafe.eu\/"},{"@type":"ListItem","position":2,"name":"Contact"}]},{"@type":"WebSite","@id":"https:\/\/eventsafe.eu\/#website","url":"https:\/\/eventsafe.eu\/","name":"Casiers Eventsafe","description":"Vos biens entre de bonnes mains","publisher":{"@id":"https:\/\/eventsafe.eu\/#organization"},"alternateName":"Eventsafe","potentialAction":[{"@type":"SearchAction","target":{"@type":"EntryPoint","urlTemplate":"https:\/\/eventsafe.eu\/?s={search_term_string}"},"query-input":{"@type":"PropertyValueSpecification","valueRequired":true,"valueName":"search_term_string"}}],"inLanguage":"fr-FR"},{"@type":"Organization","@id":"https:\/\/eventsafe.eu\/#organization","name":"Eventsafe","url":"https:\/\/eventsafe.eu\/","logo":{"@type":"ImageObject","inLanguage":"fr-FR","@id":"https:\/\/eventsafe.eu\/#\/schema\/logo\/image\/","url":"https:\/\/eventsafe.eu\/wp-content\/uploads\/2022\/02\/STRUCX_Kleurzwart.png","contentUrl":"https:\/\/eventsafe.eu\/wp-content\/uploads\/2022\/02\/STRUCX_Kleurzwart.png","width":11508,"height":2885,"caption":"Eventsafe"},"image":{"@id":"https:\/\/eventsafe.eu\/#\/schema\/logo\/image\/"},"sameAs":["https:\/\/www.instagram.com\/strucx.eventobjects\/"]}]}},"_links":{"self":[{"href":"https:\/\/eventsafe.eu\/fr\/wp-json\/wp\/v2\/pages\/104","targetHints":{"allow":["GET"]}}],"collection":[{"href":"https:\/\/eventsafe.eu\/fr\/wp-json\/wp\/v2\/pages"}],"about":[{"href":"https:\/\/eventsafe.eu\/fr\/wp-json\/wp\/v2\/types\/page"}],"author":[{"embeddable":true,"href":"https:\/\/eventsafe.eu\/fr\/wp-json\/wp\/v2\/users\/3"}],"replies":[{"embeddable":true,"href":"https:\/\/eventsafe.eu\/fr\/wp-json\/wp\/v2\/comments?post=104"}],"version-history":[{"count":18,"href":"https:\/\/eventsafe.eu\/fr\/wp-json\/wp\/v2\/pages\/104\/revisions"}],"predecessor-version":[{"id":7782,"href":"https:\/\/eventsafe.eu\/fr\/wp-json\/wp\/v2\/pages\/104\/revisions\/7782"}],"wp:attachment":[{"href":"https:\/\/eventsafe.eu\/fr\/wp-json\/wp\/v2\/media?parent=104"}],"curies":[{"name":"wp","href":"https:\/\/api.w.org\/{rel}","templated":true}]}}