{"id":8125,"date":"2025-06-06T19:15:48","date_gmt":"2025-06-06T17:15:48","guid":{"rendered":"https:\/\/eventsafe.eu\/?page_id=8125"},"modified":"2025-06-06T19:16:04","modified_gmt":"2025-06-06T17:16:04","slug":"vacature-meewerkend-chauffeur-b","status":"publish","type":"page","link":"https:\/\/eventsafe.eu\/de\/vacature-meewerkend-chauffeur-b\/","title":{"rendered":"VACATURE- Meewerkend Chauffeur B"},"content":{"rendered":"<p>[et_pb_section fb_built=&#8221;1&#8243; _builder_version=&#8221;4.23.1&#8243; _module_preset=&#8221;default&#8221; background_color=&#8221;#000000&#8243; background_image=&#8221;https:\/\/eventsafe.eu\/wp-content\/uploads\/2023\/11\/ES_PATROON-scaled.jpg&#8221; collapsed=&#8221;off&#8221; global_colors_info=&#8221;{}&#8221;][et_pb_row _builder_version=&#8221;4.23.1&#8243; _module_preset=&#8221;default&#8221; global_colors_info=&#8221;{}&#8221;][et_pb_column type=&#8221;4_4&#8243; _builder_version=&#8221;4.16&#8243; _module_preset=&#8221;default&#8221; global_colors_info=&#8221;{}&#8221;][et_pb_text admin_label=&#8221;Title&#8221; _builder_version=&#8221;4.23.1&#8243; text_font=&#8221;|||on|||||&#8221; text_text_color=&#8221;#FFFFFF&#8221; header_font=&#8221;||||||||&#8221; header_text_align=&#8221;center&#8221; header_2_font=&#8221;Work Sans|700|||||||&#8221; header_2_text_align=&#8221;center&#8221; header_2_text_color=&#8221;#FFFFFF&#8221; header_2_font_size=&#8221;53px&#8221; text_orientation=&#8221;center&#8221; custom_margin=&#8221;||0px|&#8221; hover_transition_duration=&#8221;100ms&#8221; global_colors_info=&#8221;{}&#8221;]<\/p>\n<h2>Vacature<\/h2>\n<p>[\/et_pb_text][\/et_pb_column][\/et_pb_row][\/et_pb_section][et_pb_section fb_built=&#8221;1&#8243; _builder_version=&#8221;4.18.0&#8243; _module_preset=&#8221;default&#8221; collapsed=&#8221;off&#8221; global_colors_info=&#8221;{}&#8221;][et_pb_row custom_padding_last_edited=&#8221;on|phone&#8221; module_id=&#8221;next-section&#8221; _builder_version=&#8221;4.23.1&#8243; _module_preset=&#8221;default&#8221; width_tablet=&#8221;80%&#8221; width_phone=&#8221;80%&#8221; width_last_edited=&#8221;on|tablet&#8221; max_width=&#8221;none&#8221; module_alignment=&#8221;center&#8221; custom_margin=&#8221;|auto||auto|false|false&#8221; custom_margin_tablet=&#8221;|auto||auto|false|false&#8221; custom_margin_phone=&#8221;||-40px||false|false&#8221; custom_margin_last_edited=&#8221;on|phone&#8221; custom_padding=&#8221;2px||0px|||&#8221; custom_padding_tablet=&#8221;2px||0px|||&#8221; custom_padding_phone=&#8221;||25px||false|false&#8221; collapsed=&#8221;off&#8221; global_colors_info=&#8221;{}&#8221;][et_pb_column type=&#8221;4_4&#8243; _builder_version=&#8221;4.16&#8243; _module_preset=&#8221;default&#8221; custom_padding=&#8221;50px||||false|false&#8221; global_colors_info=&#8221;{}&#8221;][et_pb_text admin_label=&#8221;Kleine tekst&#8221; _builder_version=&#8221;4.25.1&#8243; _module_preset=&#8221;default&#8221; text_font=&#8221;Poppins||||||||&#8221; text_text_color=&#8221;#1d1c2e&#8221; text_font_size=&#8221;10px&#8221; text_letter_spacing=&#8221;4px&#8221; custom_margin=&#8221;||15px||false|false&#8221; global_colors_info=&#8221;{}&#8221;]<\/p>\n<p>FULLTIME \/ PARTTIME<\/p>\n<p>[\/et_pb_text][et_pb_text admin_label=&#8221;Title&#8221; _builder_version=&#8221;4.23.1&#8243; text_font=&#8221;||||||||&#8221; header_font=&#8221;||||||||&#8221; header_text_align=&#8221;left&#8221; header_2_font=&#8221;Work Sans|700|||||||&#8221; header_2_text_align=&#8221;left&#8221; header_2_font_size=&#8221;53px&#8221; custom_margin=&#8221;||0px|&#8221; hover_transition_duration=&#8221;100ms&#8221; header_2_font_size_tablet=&#8221;53px&#8221; header_2_font_size_phone=&#8221;38px&#8221; header_2_font_size_last_edited=&#8221;on|phone&#8221; global_colors_info=&#8221;{}&#8221;]<\/p>\n<h2><strong>Meewerkend chauffeur B<\/strong><\/h2>\n<p>[\/et_pb_text][et_pb_divider color=&#8221;gcid-4a1618e5-1d70-4506-bd08-e5b955d615d8&#8243; divider_position=&#8221;center&#8221; divider_weight=&#8221;3px&#8221; _builder_version=&#8221;4.23.1&#8243; max_width=&#8221;100px&#8221; module_alignment=&#8221;left&#8221; animation_direction=&#8221;top&#8221; global_colors_info=&#8221;{%22gcid-4a1618e5-1d70-4506-bd08-e5b955d615d8%22:%91%22color%22%93}&#8221;][\/et_pb_divider][\/et_pb_column][\/et_pb_row][et_pb_row admin_label=&#8221;Intro tekst&#8221; _builder_version=&#8221;4.23.1&#8243; _module_preset=&#8221;default&#8221; width_tablet=&#8221;80%&#8221; width_phone=&#8221;80%&#8221; width_last_edited=&#8221;on|desktop&#8221; max_width=&#8221;none&#8221; custom_margin=&#8221;||-25px||false|false&#8221; custom_margin_last_edited=&#8221;off|desktop&#8221; collapsed=&#8221;off&#8221; global_colors_info=&#8221;{}&#8221;][et_pb_column type=&#8221;4_4&#8243; _builder_version=&#8221;4.18.0&#8243; _module_preset=&#8221;default&#8221; global_colors_info=&#8221;{}&#8221;][et_pb_text admin_label=&#8221;TEKST&#8221; _builder_version=&#8221;4.25.1&#8243; _module_preset=&#8221;default&#8221; text_font=&#8221;Work Sans||||||||&#8221; text_text_color=&#8221;#292929&#8243; text_font_size=&#8221;13px&#8221; text_letter_spacing=&#8221;1px&#8221; global_colors_info=&#8221;{}&#8221;]<\/p>\n<p>Ben jij op zoek naar een leuke functie op de bakwagen, maar ook naar een baan met veel vrijheid en veel klantcontact? Wij zijn op zoek naar een Chauffeur (rijbewijs B). Je gaat veelvuldig actief zijn in het plaatsen en ophalen van kluisjes en decors. Je gaat naar evenementen en\/of festivals in Nederland met eventueel maximaal 2 of 3 keer per jaar een toffe trip naar het buitenland. Lijkt dit jou wat? Lees dan snel verder.<\/p>\n<p>Event Facility Group bestaat uit 3 verschillende concepten; Eventsafe, STRUCX en D-COO. Eventsafe verhuurt het hele jaar door kluisjes op evenementen en festivals. Dit kan zijn op zowel in- als outdoor evenementen zoals festivals, bedrijfsfeesten, beurzen en congressen. Gevestigd in Erp en werkzaam met 20 medewerkers in een ruim magazijn zijn we op zoek naar uitbreiding van ons kleine en hechte team. Naast de werkzaamheden voor Eventsafe ga je mogelijk ook materialen van D-COO controleren en herstellen. D-COO verhuurt materialen om een festival of evenement te decoreren.<\/p>\n<p>[\/et_pb_text][\/et_pb_column][\/et_pb_row][et_pb_row admin_label=&#8221;Werkzaamheden&#8221; _builder_version=&#8221;4.23.1&#8243; _module_preset=&#8221;default&#8221; width_tablet=&#8221;80%&#8221; width_phone=&#8221;80%&#8221; width_last_edited=&#8221;on|desktop&#8221; max_width=&#8221;none&#8221; custom_margin=&#8221;||-25px||false|false&#8221; custom_margin_last_edited=&#8221;off|desktop&#8221; collapsed=&#8221;on&#8221; global_colors_info=&#8221;{}&#8221;][et_pb_column type=&#8221;4_4&#8243; _builder_version=&#8221;4.18.0&#8243; _module_preset=&#8221;default&#8221; global_colors_info=&#8221;{}&#8221;][et_pb_text admin_label=&#8221;titel&#8221; _builder_version=&#8221;4.23.1&#8243; text_font=&#8221;Poppins||||||||&#8221; text_font_size=&#8221;18px&#8221; text_line_height=&#8221;1.8em&#8221; link_font=&#8221;|600||on|||||&#8221; link_text_color=&#8221;#fdb467&#8243; link_font_size=&#8221;16px&#8221; link_letter_spacing=&#8221;3px&#8221; link_line_height=&#8221;1.8em&#8221; header_font=&#8221;||||||||&#8221; header_3_font=&#8221;Poppins|600|||||||&#8221; header_3_text_align=&#8221;center&#8221; header_3_font_size=&#8221;24px&#8221; header_3_line_height=&#8221;1.8em&#8221; background_color=&#8221;#ffffff&#8221; text_orientation=&#8221;center&#8221; custom_margin=&#8221;-35px||-10px|||&#8221; custom_padding=&#8221;24px||1px||false|false&#8221; animation_style=&#8221;fade&#8221; locked=&#8221;off&#8221; global_colors_info=&#8221;{}&#8221;]<\/p>\n<h3 style=\"text-align: left;\"><span style=\"font-size: large;\">Werkzaamheden\/Omschrijving<\/span><\/h3>\n<p>[\/et_pb_text][et_pb_text admin_label=&#8221;TEKST&#8221; _builder_version=&#8221;4.25.1&#8243; _module_preset=&#8221;default&#8221; text_font=&#8221;Work Sans||||||||&#8221; text_text_color=&#8221;#292929&#8243; text_font_size=&#8221;13px&#8221; text_letter_spacing=&#8221;1px&#8221; custom_padding=&#8221;||0px|||&#8221; global_colors_info=&#8221;{}&#8221;]<\/p>\n<p>Leveren en ophalen van lockers, decor en andere materialen op evenementen en festivals.<\/p>\n<p>De op- en afbouw van deze faciliteiten.<\/p>\n<p>Veelvuldig contact met klanten en afnemers op locatie.<\/p>\n<p>Het zelfstandig en in groepsverband uitvoeren van projecten.<\/p>\n<p>&nbsp;<\/p>\n<p>[\/et_pb_text][\/et_pb_column][\/et_pb_row][et_pb_row admin_label=&#8221;Profiel&#8221; _builder_version=&#8221;4.23.1&#8243; _module_preset=&#8221;default&#8221; width_tablet=&#8221;80%&#8221; width_phone=&#8221;80%&#8221; width_last_edited=&#8221;on|desktop&#8221; max_width=&#8221;none&#8221; custom_margin=&#8221;||-25px||false|false&#8221; hover_enabled=&#8221;0&#8243; collapsed=&#8221;on&#8221; global_colors_info=&#8221;{}&#8221; sticky_enabled=&#8221;0&#8243;][et_pb_column type=&#8221;4_4&#8243; _builder_version=&#8221;4.18.0&#8243; _module_preset=&#8221;default&#8221; global_colors_info=&#8221;{}&#8221;][et_pb_text admin_label=&#8221;titel&#8221; _builder_version=&#8221;4.23.1&#8243; text_font=&#8221;Poppins||||||||&#8221; text_font_size=&#8221;18px&#8221; text_line_height=&#8221;1.8em&#8221; link_font=&#8221;|600||on|||||&#8221; link_text_color=&#8221;#fdb467&#8243; link_font_size=&#8221;16px&#8221; link_letter_spacing=&#8221;3px&#8221; link_line_height=&#8221;1.8em&#8221; header_font=&#8221;||||||||&#8221; header_3_font=&#8221;Poppins|600|||||||&#8221; header_3_text_align=&#8221;center&#8221; header_3_font_size=&#8221;24px&#8221; header_3_line_height=&#8221;1.8em&#8221; background_color=&#8221;#ffffff&#8221; text_orientation=&#8221;center&#8221; custom_margin=&#8221;-35px||-10px|||&#8221; custom_padding=&#8221;24px||1px||false|false&#8221; animation_style=&#8221;fade&#8221; locked=&#8221;off&#8221; global_colors_info=&#8221;{}&#8221;]<\/p>\n<h3 style=\"text-align: left;\"><span style=\"font-size: large;\">Profiel<\/span><\/h3>\n<p>[\/et_pb_text][et_pb_text admin_label=&#8221;TEKST&#8221; _builder_version=&#8221;4.25.1&#8243; _module_preset=&#8221;default&#8221; text_font=&#8221;Work Sans||||||||&#8221; text_text_color=&#8221;#292929&#8243; text_font_size=&#8221;13px&#8221; text_letter_spacing=&#8221;1px&#8221; hover_enabled=&#8221;0&#8243; global_colors_info=&#8221;{}&#8221; sticky_enabled=&#8221;0&#8243;]<\/p>\n<ul>\n<li>Je hebt verantwoordelijkheidsgevoel<\/li>\n<li>Je bent een teamplayer en hebt een positieve instelling<\/li>\n<li>Je bent in het bezit van rijbewijs B<\/li>\n<li>Je kunt snel schakelen tussen de verschillende taken<\/li>\n<li>Je bent 3 weekenddagen per maand beschikbaar<\/li>\n<li>Je kunt goed prioriteiten stellen<\/li>\n<\/ul>\n<p>[\/et_pb_text][\/et_pb_column][\/et_pb_row][et_pb_row admin_label=&#8221;Profiel&#8221; _builder_version=&#8221;4.23.1&#8243; _module_preset=&#8221;default&#8221; width_tablet=&#8221;80%&#8221; width_phone=&#8221;80%&#8221; width_last_edited=&#8221;on|desktop&#8221; max_width=&#8221;none&#8221; custom_margin=&#8221;||-25px||false|false&#8221; collapsed=&#8221;on&#8221; global_colors_info=&#8221;{}&#8221;][et_pb_column type=&#8221;4_4&#8243; _builder_version=&#8221;4.18.0&#8243; _module_preset=&#8221;default&#8221; global_colors_info=&#8221;{}&#8221;][et_pb_text admin_label=&#8221;titel&#8221; _builder_version=&#8221;4.23.1&#8243; text_font=&#8221;Poppins||||||||&#8221; text_font_size=&#8221;18px&#8221; text_line_height=&#8221;1.8em&#8221; link_font=&#8221;|600||on|||||&#8221; link_text_color=&#8221;#fdb467&#8243; link_font_size=&#8221;16px&#8221; link_letter_spacing=&#8221;3px&#8221; link_line_height=&#8221;1.8em&#8221; header_font=&#8221;||||||||&#8221; header_3_font=&#8221;Poppins|600|||||||&#8221; header_3_text_align=&#8221;center&#8221; header_3_font_size=&#8221;24px&#8221; header_3_line_height=&#8221;1.8em&#8221; background_color=&#8221;#ffffff&#8221; text_orientation=&#8221;center&#8221; custom_margin=&#8221;-35px||-10px|||&#8221; custom_padding=&#8221;24px||1px||false|false&#8221; animation_style=&#8221;fade&#8221; locked=&#8221;off&#8221; global_colors_info=&#8221;{}&#8221;]<\/p>\n<h3 style=\"text-align: left;\"><span style=\"font-size: large;\">Wat je krijgt<\/span><\/h3>\n<p>[\/et_pb_text][et_pb_text admin_label=&#8221;TEKST&#8221; _builder_version=&#8221;4.25.1&#8243; _module_preset=&#8221;default&#8221; text_font=&#8221;Work Sans||||||||&#8221; text_text_color=&#8221;#292929&#8243; text_font_size=&#8221;13px&#8221; text_letter_spacing=&#8221;1px&#8221; hover_enabled=&#8221;0&#8243; global_colors_info=&#8221;{}&#8221; sticky_enabled=&#8221;0&#8243;]<\/p>\n<ul>\n<li><span>Marktconform salaris<\/span><\/li>\n<li><span>25 vakantiedagen + pensioenregeling<br \/><\/span><\/li>\n<li><span>Ruimte om door te groeien, als je laat zien wat je waard bent<br \/><\/span><\/li>\n<li><span>Toeslag van 60% op zondagen en feestdagen<br \/><\/span><\/li>\n<li><span>15% buitenlandtoeslag vanaf 2 nachten op locatie<br \/><\/span><\/li>\n<li><span>Gratis sporten bij Get-Going in Erp<br \/><\/span><\/li>\n<li><span>Gratis festivalkaartjes<br \/><\/span><\/li>\n<li><span>Vrijmibo\u2019s, teamuitjes \u00e9n in september naar de Zuid-Europese zon<\/span><\/li>\n<\/ul>\n<p>[\/et_pb_text][\/et_pb_column][\/et_pb_row][et_pb_row admin_label=&#8221;Slottekst&#8221; _builder_version=&#8221;4.23.1&#8243; _module_preset=&#8221;default&#8221; width_tablet=&#8221;80%&#8221; width_phone=&#8221;80%&#8221; width_last_edited=&#8221;on|desktop&#8221; max_width=&#8221;none&#8221; custom_margin=&#8221;||-25px||false|false&#8221; custom_margin_last_edited=&#8221;off|desktop&#8221; collapsed=&#8221;off&#8221; global_colors_info=&#8221;{}&#8221;][et_pb_column type=&#8221;4_4&#8243; _builder_version=&#8221;4.18.0&#8243; _module_preset=&#8221;default&#8221; global_colors_info=&#8221;{}&#8221;][et_pb_text admin_label=&#8221;TEKST&#8221; _builder_version=&#8221;4.25.1&#8243; _module_preset=&#8221;default&#8221; text_font=&#8221;Work Sans||||||||&#8221; text_text_color=&#8221;#292929&#8243; text_font_size=&#8221;13px&#8221; text_letter_spacing=&#8221;1px&#8221; hover_enabled=&#8221;0&#8243; global_colors_info=&#8221;{}&#8221; sticky_enabled=&#8221;0&#8243;]<\/p>\n<p>We bieden je een functie voor 32 tot 40 uur per week. Voor bepaalde tijd, met uitzicht op een vaste aanstelling voor onbepaalde tijd. We zijn een groeiende organisatie en bij goed functioneren behoort doorgroeien tot de mogelijkheden.<br \/>Belangrijk is ook dat je open staat voor een gezellige vrijdagmiddagborrel en gezamenlijke personeelsuitstapjes!<\/p>\n<p>Stuur je cv + motivatie naar info@eventfacilitygroup.com of app\/bel ons even via +31 6 29484979.<\/p>\n<p>[\/et_pb_text][\/et_pb_column][\/et_pb_row][et_pb_row admin_label=&#8221;button&#8221; _builder_version=&#8221;4.23.1&#8243; _module_preset=&#8221;default&#8221; positioning=&#8221;none&#8221; width_tablet=&#8221;80%&#8221; width_phone=&#8221;80%&#8221; width_last_edited=&#8221;on|desktop&#8221; max_width=&#8221;none&#8221; custom_margin=&#8221;||40px||false|false&#8221; border_color_bottom=&#8221;RGBA(255,255,255,0)&#8221; collapsed=&#8221;on&#8221; global_colors_info=&#8221;{}&#8221;][et_pb_column type=&#8221;4_4&#8243; _builder_version=&#8221;4.18.0&#8243; _module_preset=&#8221;default&#8221; global_colors_info=&#8221;{}&#8221;][et_pb_button button_url=&#8221;mailto:info@eventsafe.eu&#8221; button_text=&#8221;NEEM CONTACT OP&#8221; button_alignment=&#8221;left&#8221; _builder_version=&#8221;4.23.1&#8243; custom_button=&#8221;on&#8221; button_text_size=&#8221;14px&#8221; button_text_color=&#8221;#ffffff&#8221; button_bg_color=&#8221;gcid-4a1618e5-1d70-4506-bd08-e5b955d615d8&#8243; button_border_width=&#8221;8px&#8221; button_border_color=&#8221;gcid-4a1618e5-1d70-4506-bd08-e5b955d615d8&#8243; button_border_radius=&#8221;0px&#8221; button_letter_spacing=&#8221;2px&#8221; button_font=&#8221;Poppins|600||on|||||&#8221; button_use_icon=&#8221;off&#8221; custom_margin=&#8221;24px|||||&#8221; animation_style=&#8221;fade&#8221; global_colors_info=&#8221;{%22gcid-4a1618e5-1d70-4506-bd08-e5b955d615d8%22:%91%22button_border_color%22,%22button_bg_color%22,%22button_border_color__hover%22%93}&#8221; button_text_size__hover_enabled=&#8221;off&#8221; button_one_text_size__hover_enabled=&#8221;off&#8221; button_two_text_size__hover_enabled=&#8221;off&#8221; button_text_color__hover_enabled=&#8221;off&#8221; button_one_text_color__hover_enabled=&#8221;off&#8221; button_two_text_color__hover_enabled=&#8221;off&#8221; button_border_width__hover_enabled=&#8221;off&#8221; button_one_border_width__hover_enabled=&#8221;off&#8221; button_two_border_width__hover_enabled=&#8221;off&#8221; button_border_color__hover_enabled=&#8221;on|hover&#8221; button_one_border_color__hover_enabled=&#8221;off&#8221; button_two_border_color__hover_enabled=&#8221;off&#8221; button_border_radius__hover_enabled=&#8221;off&#8221; button_one_border_radius__hover_enabled=&#8221;off&#8221; button_two_border_radius__hover_enabled=&#8221;off&#8221; button_letter_spacing__hover_enabled=&#8221;off&#8221; button_one_letter_spacing__hover_enabled=&#8221;off&#8221; button_two_letter_spacing__hover_enabled=&#8221;off&#8221; button_bg_color__hover_enabled=&#8221;off|desktop&#8221; button_one_bg_color__hover_enabled=&#8221;off&#8221; button_two_bg_color__hover_enabled=&#8221;off&#8221; button_bg_color__hover=&#8221;#dd6649&#8243; button_bg_enable_color__hover=&#8221;on&#8221; button_border_color__hover=&#8221;#78163d&#8221;][\/et_pb_button][\/et_pb_column][\/et_pb_row][\/et_pb_section]<\/p>\n","protected":false},"excerpt":{"rendered":"<p>VacatureFULLTIME \/ PARTTIMEMeewerkend chauffeur BBen jij op zoek naar een leuke functie op de bakwagen, maar ook naar een baan met veel vrijheid en veel klantcontact? Wij zijn op zoek naar een Chauffeur (rijbewijs B). Je gaat veelvuldig actief zijn in het plaatsen en ophalen van kluisjes en decors. Je gaat naar evenementen en\/of festivals [&hellip;]<\/p>\n","protected":false},"author":5,"featured_media":0,"parent":0,"menu_order":0,"comment_status":"closed","ping_status":"closed","template":"","meta":{"_et_pb_use_builder":"on","_et_pb_old_content":"","_et_gb_content_width":"","footnotes":""},"class_list":["post-8125","page","type-page","status-publish","hentry"],"yoast_head":"<!-- This site is optimized with the Yoast SEO plugin v27.4 - https:\/\/yoast.com\/product\/yoast-seo-wordpress\/ -->\n<title>VACATURE- Meewerkend Chauffeur B - Eventsafe<\/title>\n<meta name=\"robots\" content=\"index, follow, max-snippet:-1, max-image-preview:large, max-video-preview:-1\" \/>\n<link rel=\"canonical\" href=\"https:\/\/eventsafe.eu\/de\/vacature-meewerkend-chauffeur-b\/\" \/>\n<meta property=\"og:locale\" content=\"de_DE\" \/>\n<meta property=\"og:type\" content=\"article\" \/>\n<meta property=\"og:title\" content=\"VACATURE- Meewerkend Chauffeur B - Eventsafe\" \/>\n<meta property=\"og:description\" content=\"VacatureFULLTIME \/ PARTTIMEMeewerkend chauffeur BBen jij op zoek naar een leuke functie op de bakwagen, maar ook naar een baan met veel vrijheid en veel klantcontact? Wij zijn op zoek naar een Chauffeur (rijbewijs B). Je gaat veelvuldig actief zijn in het plaatsen en ophalen van kluisjes en decors. Je gaat naar evenementen en\/of festivals [&hellip;]\" \/>\n<meta property=\"og:url\" content=\"https:\/\/eventsafe.eu\/de\/vacature-meewerkend-chauffeur-b\/\" \/>\n<meta property=\"og:site_name\" content=\"Eventsafe\" \/>\n<meta property=\"article:modified_time\" content=\"2025-06-06T17:16:04+00:00\" \/>\n<meta property=\"og:image\" content=\"https:\/\/eventsafe.eu\/wp-content\/uploads\/2023\/11\/ES_Header.jpg\" \/>\n\t<meta property=\"og:image:width\" content=\"1920\" \/>\n\t<meta property=\"og:image:height\" content=\"900\" \/>\n\t<meta property=\"og:image:type\" content=\"image\/jpeg\" \/>\n<meta name=\"twitter:card\" content=\"summary_large_image\" \/>\n<meta name=\"twitter:label1\" content=\"Gesch\u00e4tzte Lesezeit\" \/>\n\t<meta name=\"twitter:data1\" content=\"3\u00a0Minuten\" \/>\n<script type=\"application\/ld+json\" class=\"yoast-schema-graph\">{\"@context\":\"https:\\\/\\\/schema.org\",\"@graph\":[{\"@type\":\"WebPage\",\"@id\":\"https:\\\/\\\/eventsafe.eu\\\/vacature-meewerkend-chauffeur-b\\\/\",\"url\":\"https:\\\/\\\/eventsafe.eu\\\/vacature-meewerkend-chauffeur-b\\\/\",\"name\":\"VACATURE- Meewerkend Chauffeur B - Eventsafe\",\"isPartOf\":{\"@id\":\"https:\\\/\\\/eventsafe.eu\\\/#website\"},\"datePublished\":\"2025-06-06T17:15:48+00:00\",\"dateModified\":\"2025-06-06T17:16:04+00:00\",\"breadcrumb\":{\"@id\":\"https:\\\/\\\/eventsafe.eu\\\/vacature-meewerkend-chauffeur-b\\\/#breadcrumb\"},\"inLanguage\":\"de\",\"potentialAction\":[{\"@type\":\"ReadAction\",\"target\":[\"https:\\\/\\\/eventsafe.eu\\\/vacature-meewerkend-chauffeur-b\\\/\"]}]},{\"@type\":\"BreadcrumbList\",\"@id\":\"https:\\\/\\\/eventsafe.eu\\\/vacature-meewerkend-chauffeur-b\\\/#breadcrumb\",\"itemListElement\":[{\"@type\":\"ListItem\",\"position\":1,\"name\":\"Home\",\"item\":\"https:\\\/\\\/eventsafe.eu\\\/\"},{\"@type\":\"ListItem\",\"position\":2,\"name\":\"VACATURE- Meewerkend Chauffeur B\"}]},{\"@type\":\"WebSite\",\"@id\":\"https:\\\/\\\/eventsafe.eu\\\/#website\",\"url\":\"https:\\\/\\\/eventsafe.eu\\\/\",\"name\":\"Eventsafe | Lockers\",\"description\":\"Je spullen in veilige handen\",\"publisher\":{\"@id\":\"https:\\\/\\\/eventsafe.eu\\\/#organization\"},\"alternateName\":\"Eventsafe\",\"potentialAction\":[{\"@type\":\"SearchAction\",\"target\":{\"@type\":\"EntryPoint\",\"urlTemplate\":\"https:\\\/\\\/eventsafe.eu\\\/?s={search_term_string}\"},\"query-input\":{\"@type\":\"PropertyValueSpecification\",\"valueRequired\":true,\"valueName\":\"search_term_string\"}}],\"inLanguage\":\"de\"},{\"@type\":\"Organization\",\"@id\":\"https:\\\/\\\/eventsafe.eu\\\/#organization\",\"name\":\"Eventsafe\",\"url\":\"https:\\\/\\\/eventsafe.eu\\\/\",\"logo\":{\"@type\":\"ImageObject\",\"inLanguage\":\"de\",\"@id\":\"https:\\\/\\\/eventsafe.eu\\\/#\\\/schema\\\/logo\\\/image\\\/\",\"url\":\"https:\\\/\\\/eventsafe.eu\\\/wp-content\\\/uploads\\\/2022\\\/02\\\/STRUCX_Kleurzwart.png\",\"contentUrl\":\"https:\\\/\\\/eventsafe.eu\\\/wp-content\\\/uploads\\\/2022\\\/02\\\/STRUCX_Kleurzwart.png\",\"width\":11508,\"height\":2885,\"caption\":\"Eventsafe\"},\"image\":{\"@id\":\"https:\\\/\\\/eventsafe.eu\\\/#\\\/schema\\\/logo\\\/image\\\/\"},\"sameAs\":[\"https:\\\/\\\/www.instagram.com\\\/strucx.eventobjects\\\/\"]}]}<\/script>\n<!-- \/ Yoast SEO plugin. -->","yoast_head_json":{"title":"VACATURE- Meewerkend Chauffeur B - Eventsafe","robots":{"index":"index","follow":"follow","max-snippet":"max-snippet:-1","max-image-preview":"max-image-preview:large","max-video-preview":"max-video-preview:-1"},"canonical":"https:\/\/eventsafe.eu\/de\/vacature-meewerkend-chauffeur-b\/","og_locale":"de_DE","og_type":"article","og_title":"VACATURE- Meewerkend Chauffeur B - Eventsafe","og_description":"VacatureFULLTIME \/ PARTTIMEMeewerkend chauffeur BBen jij op zoek naar een leuke functie op de bakwagen, maar ook naar een baan met veel vrijheid en veel klantcontact? Wij zijn op zoek naar een Chauffeur (rijbewijs B). Je gaat veelvuldig actief zijn in het plaatsen en ophalen van kluisjes en decors. Je gaat naar evenementen en\/of festivals [&hellip;]","og_url":"https:\/\/eventsafe.eu\/de\/vacature-meewerkend-chauffeur-b\/","og_site_name":"Eventsafe","article_modified_time":"2025-06-06T17:16:04+00:00","og_image":[{"width":1920,"height":900,"url":"https:\/\/eventsafe.eu\/wp-content\/uploads\/2023\/11\/ES_Header.jpg","type":"image\/jpeg"}],"twitter_card":"summary_large_image","twitter_misc":{"Gesch\u00e4tzte Lesezeit":"3\u00a0Minuten"},"schema":{"@context":"https:\/\/schema.org","@graph":[{"@type":"WebPage","@id":"https:\/\/eventsafe.eu\/vacature-meewerkend-chauffeur-b\/","url":"https:\/\/eventsafe.eu\/vacature-meewerkend-chauffeur-b\/","name":"VACATURE- Meewerkend Chauffeur B - Eventsafe","isPartOf":{"@id":"https:\/\/eventsafe.eu\/#website"},"datePublished":"2025-06-06T17:15:48+00:00","dateModified":"2025-06-06T17:16:04+00:00","breadcrumb":{"@id":"https:\/\/eventsafe.eu\/vacature-meewerkend-chauffeur-b\/#breadcrumb"},"inLanguage":"de","potentialAction":[{"@type":"ReadAction","target":["https:\/\/eventsafe.eu\/vacature-meewerkend-chauffeur-b\/"]}]},{"@type":"BreadcrumbList","@id":"https:\/\/eventsafe.eu\/vacature-meewerkend-chauffeur-b\/#breadcrumb","itemListElement":[{"@type":"ListItem","position":1,"name":"Home","item":"https:\/\/eventsafe.eu\/"},{"@type":"ListItem","position":2,"name":"VACATURE- Meewerkend Chauffeur B"}]},{"@type":"WebSite","@id":"https:\/\/eventsafe.eu\/#website","url":"https:\/\/eventsafe.eu\/","name":"Eventsafe | Schlie\u00dff\u00e4cher","description":"Ihr Hab und Gut in sicheren H\u00e4nden","publisher":{"@id":"https:\/\/eventsafe.eu\/#organization"},"alternateName":"Eventsafe","potentialAction":[{"@type":"SearchAction","target":{"@type":"EntryPoint","urlTemplate":"https:\/\/eventsafe.eu\/?s={search_term_string}"},"query-input":{"@type":"PropertyValueSpecification","valueRequired":true,"valueName":"search_term_string"}}],"inLanguage":"de"},{"@type":"Organization","@id":"https:\/\/eventsafe.eu\/#organization","name":"Eventsafe","url":"https:\/\/eventsafe.eu\/","logo":{"@type":"ImageObject","inLanguage":"de","@id":"https:\/\/eventsafe.eu\/#\/schema\/logo\/image\/","url":"https:\/\/eventsafe.eu\/wp-content\/uploads\/2022\/02\/STRUCX_Kleurzwart.png","contentUrl":"https:\/\/eventsafe.eu\/wp-content\/uploads\/2022\/02\/STRUCX_Kleurzwart.png","width":11508,"height":2885,"caption":"Eventsafe"},"image":{"@id":"https:\/\/eventsafe.eu\/#\/schema\/logo\/image\/"},"sameAs":["https:\/\/www.instagram.com\/strucx.eventobjects\/"]}]}},"_links":{"self":[{"href":"https:\/\/eventsafe.eu\/de\/wp-json\/wp\/v2\/pages\/8125","targetHints":{"allow":["GET"]}}],"collection":[{"href":"https:\/\/eventsafe.eu\/de\/wp-json\/wp\/v2\/pages"}],"about":[{"href":"https:\/\/eventsafe.eu\/de\/wp-json\/wp\/v2\/types\/page"}],"author":[{"embeddable":true,"href":"https:\/\/eventsafe.eu\/de\/wp-json\/wp\/v2\/users\/5"}],"replies":[{"embeddable":true,"href":"https:\/\/eventsafe.eu\/de\/wp-json\/wp\/v2\/comments?post=8125"}],"version-history":[{"count":5,"href":"https:\/\/eventsafe.eu\/de\/wp-json\/wp\/v2\/pages\/8125\/revisions"}],"predecessor-version":[{"id":8132,"href":"https:\/\/eventsafe.eu\/de\/wp-json\/wp\/v2\/pages\/8125\/revisions\/8132"}],"wp:attachment":[{"href":"https:\/\/eventsafe.eu\/de\/wp-json\/wp\/v2\/media?parent=8125"}],"curies":[{"name":"wp","href":"https:\/\/api.w.org\/{rel}","templated":true}]}}